{"id":2,"date":"2024-02-08T14:26:14","date_gmt":"2024-02-08T14:26:14","guid":{"rendered":"https:\/\/des-problemes-dentaires.xmiq3726.odns.fr\/?page_id=2"},"modified":"2024-02-20T10:54:01","modified_gmt":"2024-02-20T10:54:01","slug":"accueil","status":"publish","type":"page","link":"https:\/\/des-problemes-dentaires.fr\/","title":{"rendered":"Accueil"},"content":{"rendered":"<div class=\"wpb-content-wrapper\"><p>[vc_row row_height_percent=\u00a0\u00bb0&Prime; overlay_alpha=\u00a0\u00bb50&Prime; gutter_size=\u00a0\u00bb3&Prime; column_width_percent=\u00a0\u00bb100&Prime; shift_y=\u00a0\u00bb0&Prime; z_index=\u00a0\u00bb0&Prime; uncode_shortcode_id=\u00a0\u00bb108650&Prime; css=\u00a0\u00bb.vc_custom_1707739912849{margin-bottom: 0px !important;padding-top: 0px !important;padding-bottom: 0px !important;}\u00a0\u00bb][vc_column column_width_percent=\u00a0\u00bb100&Prime; gutter_size=\u00a0\u00bb3&Prime; overlay_alpha=\u00a0\u00bb50&Prime; shift_x=\u00a0\u00bb0&Prime; shift_y=\u00a0\u00bb0&Prime; shift_y_down=\u00a0\u00bb0&Prime; z_index=\u00a0\u00bb0&Prime; medium_width=\u00a0\u00bb0&Prime; mobile_width=\u00a0\u00bb0&Prime; width=\u00a0\u00bb1\/1&Prime; uncode_shortcode_id=\u00a0\u00bb192619&Prime; css=\u00a0\u00bb.vc_custom_1707739371326{border-bottom-width: 0px !important;padding-bottom: 0px !important;}\u00a0\u00bb][vc_single_image media=\u00a0\u00bb56&Prime; media_width_percent=\u00a0\u00bb100&Prime; uncode_shortcode_id=\u00a0\u00bb710300&Prime;][vc_column_text border_color=\u00a0\u00bbcolor-jevc\u00a0\u00bb border_style=\u00a0\u00bbsolid\u00a0\u00bb uncode_shortcode_id=\u00a0\u00bb822150&Prime; border_color_type=\u00a0\u00bbuncode-palette\u00a0\u00bb css=\u00a0\u00bb.vc_custom_1707739988700{border-top-width: 1px !important;border-right-width: 1px !important;border-bottom-width: 1px !important;border-left-width: 1px !important;padding-top: 20px !important;padding-right: 20px !important;padding-bottom: 20px !important;padding-left: 20px !important;}\u00a0\u00bb]<\/p>\n<p style=\"text-align: center;\"><strong style=\"color: #4f81bd;\">Les chinois ont des proverbes percutants :<\/strong><br \/>\n\u00ab Sourire est le meilleur moyen de montrer les dents \u00e0 un adversaire \u00bb<\/p>\n<p>[\/vc_column_text][\/vc_column][\/vc_row][vc_row][vc_column column_width_percent=\u00a0\u00bb100&Prime; gutter_size=\u00a0\u00bb3&Prime; overlay_alpha=\u00a0\u00bb50&Prime; border_color=\u00a0\u00bbcolor-jevc\u00a0\u00bb border_style=\u00a0\u00bbsolid\u00a0\u00bb shift_x=\u00a0\u00bb0&Prime; shift_y=\u00a0\u00bb0&Prime; shift_y_down=\u00a0\u00bb0&Prime; z_index=\u00a0\u00bb0&Prime; medium_width=\u00a0\u00bb0&Prime; mobile_width=\u00a0\u00bb0&Prime; width=\u00a0\u00bb1\/1&Prime; uncode_shortcode_id=\u00a0\u00bb122197&Prime; border_color_type=\u00a0\u00bbuncode-palette\u00a0\u00bb][vc_column_text uncode_shortcode_id=\u00a0\u00bb122673&Prime;]Or, pour avoir un sourire irr\u00e9sistible ou convaincant ou charmeur ou complice\u2026 il faut avoir des\u00a0<strong>DENTS SAINES<\/strong>\u00a0et des\u00a0<strong>GENCIVES SAINES<\/strong>\u00a0<em>quelque soit la couleur de l\u2019\u00e9mail\u00a0<\/em>! C\u2019est cela qui est important, autant pour soi, que pour le contact que l\u2019on a avec les autres.<\/p>\n<p>Une chose \u00e0 bien comprendre, c\u2019est que\u00a0<strong>l&rsquo;\u00e9mail n\u2019est pas \u00ab blanc \u00bb<\/strong>. Par d\u00e9finition, il est \u00ab\u00a0<strong>ivoire<\/strong>\u00a0\u00bb.<br \/>\nDes dents franchement blanches ? Ce ne serait pas beau et m\u00eame plut\u00f4t tr\u00e8s inqui\u00e9tant !<\/p>\n<p>Malheureusement, il est vrai que tout le monde n\u2019a pas la chance d\u2019avoir un ivoire clair. Certains ont m\u00eame un \u00e9mail presque brun\u2026 Il faut savoir s\u2019accepter tel que l\u2019on est !<br \/>\nOn peut teindre ou d\u00e9colorer les cheveux, mais on ne peut teindre ni d\u00e9colorer l\u2019ivoire de ses dents. (<em>les m\u00e9thodes de blanchiment de dents font courir le gros risque d\u2019abimer l\u2019\u00e9mail<\/em>)[\/vc_column_text][vc_column_text uncode_shortcode_id=\u00a0\u00bb171693&Prime; el_class=\u00a0\u00bbfond-gris\u00a0\u00bb]<strong>Par contre, ce que nous POUVONS faire, ce que nous DEVONS faire, c\u2019est, entretenir parfaitement nos dents, afin d\u2019avoir des dents impeccablement propres, gr\u00e2ce \u00e0 une HYGI\u00c8NE RIGOUREUSE !<\/strong>[\/vc_column_text][vc_column_text uncode_shortcode_id=\u00a0\u00bb489532&Prime;]Voil\u00e0 ce que je me propose de vous expliquer, tr\u00e8s en d\u00e9tail, en vous exposant ce qu\u2019est\u00a0<strong>une dent, un ligament, l\u2019os alv\u00e9olaire, les gencives, les germes\u2026<\/strong>\u00a0et aussi les muscles qui permettent la mastication\u2026<\/p>\n<p>De mani\u00e8re \u00e0 vous faire comprendre et aimer ce que nous avons dans la bouche.<\/p>\n<p><strong>De mani\u00e8re \u00e0 vous faire comprendre pourquoi et comment nous devons prot\u00e9ger un bien si pr\u00e9cieux.<\/strong><\/p>\n<p>De mani\u00e8re \u00e0 vous faire comprendre les d\u00e9sagr\u00e9ments et les<strong>\u00a0risques auxquels nous exposent les caries<\/strong>\u00a0et une bouche mal entretenue\u2026[\/vc_column_text][vc_column_text text_color=\u00a0\u00bbcolor-210407&Prime; uncode_shortcode_id=\u00a0\u00bb861575&Prime; text_color_type=\u00a0\u00bbuncode-palette\u00a0\u00bb]<\/p>\n<p style=\"text-align: center; font-size: 18pt; color: #4f81bd;\"><strong style=\"color: #4f81bd;\">Les enfants du XXI<sup>\u00e8me<\/sup>\u00a0si\u00e8cle, doivent \u00eatre les futurs grands-parents qui auront toutes leurs dents !<\/strong><\/p>\n<p>[\/vc_column_text][vc_custom_heading text_color=\u00a0\u00bbcolor-210407&Prime; heading_semantic=\u00a0\u00bbh3&Prime; text_size=\u00a0\u00bbh3&Prime; uncode_shortcode_id=\u00a0\u00bb111128&Prime; text_color_type=\u00a0\u00bbuncode-palette\u00a0\u00bb]POUR CONCLURE[\/vc_custom_heading][vc_column_text uncode_shortcode_id=\u00a0\u00bb111030&Prime;]Concernant les yeux et les oreilles, nous n\u2019avons aucun moyen de pr\u00e9vention.<\/p>\n<p>Par contre, concernant notre syst\u00e8me dentaire, tout ne d\u00e9pend que de nous ! (Cf article \u00ab\u00a0<a style=\"color: #4f81bd;\" href=\"\/index.php\/la-dentisterie\/dentisterie-conclusion\" target=\"_blank\" rel=\"noopener\">Conclusion dentisterie<\/a>\u00a0\u00bb)<\/p>\n<p>Antoine de Saint-Exup\u00e9ry a dit \u00ab\u00a0<strong>aimer, c\u2019est comprendre<\/strong>\u00a0\u00bb Quelle jolie citation !<br \/>\nJe vous propose de nous en inspirer, en vous sugg\u00e9rant de vous\u00a0<strong>faire comprendre<\/strong>\u00a0ce que sont vos dents afin que vous\u00a0<strong>les aimiez<\/strong>.[\/vc_column_text][vc_column_text uncode_shortcode_id=\u00a0\u00bb164029&Prime; el_class=\u00a0\u00bbfond-gris\u00a0\u00bb]<strong><em>Mes r\u00e9f\u00e9rences professionnelles :<\/em><\/strong><br \/>\n<em>Ancienne externe des h\u00f4pitaux de Paris (AEHP), en m\u00e9decine g\u00e9n\u00e9rale, puis en stomatologie, dans le service des Professeurs Cern\u00e9a, puis Vaillant. Ancienne attach\u00e9e de consultation et assistante d\u2019enseignement en orthodontie, dans les services des Docteurs Crinetz et Deneuville et Auclair. Ayant fait fonction d\u2019assistante, un an, en stomato \u00e0 Beaujon, deux ans \u00e0 l\u2019h\u00f4pital de Mamao, en m\u00e9decine g\u00e9n\u00e9rale, dans le service du Docteur Lugagne, M\u00e9decin des H\u00f4pitaux des Arm\u00e9es. J\u2019y ai aussi cr\u00e9\u00e9 le service de stomatologie.<\/em><\/p>\n<p><em>Par ailleurs : membre de la Soci\u00e9t\u00e9 des Gens de Lettre et Soci\u00e9taire des Po\u00e8tes Fran\u00e7ais&#8230;<\/em>[\/vc_column_text][\/vc_column][\/vc_row][vc_row][vc_column column_width_percent=\u00a0\u00bb100&Prime; gutter_size=\u00a0\u00bb3&Prime; overlay_alpha=\u00a0\u00bb50&Prime; border_color=\u00a0\u00bbcolor-jevc\u00a0\u00bb border_style=\u00a0\u00bbsolid\u00a0\u00bb shift_x=\u00a0\u00bb0&Prime; shift_y=\u00a0\u00bb0&Prime; shift_y_down=\u00a0\u00bb0&Prime; z_index=\u00a0\u00bb0&Prime; medium_width=\u00a0\u00bb0&Prime; mobile_width=\u00a0\u00bb0&Prime; width=\u00a0\u00bb1\/1&Prime; uncode_shortcode_id=\u00a0\u00bb188616&Prime; css=\u00a0\u00bb.vc_custom_1707745247906{border-top-width: 1px !important;border-right-width: 1px !important;border-bottom-width: 1px !important;border-left-width: 1px !important;padding-top: 20px !important;padding-right: 20px !important;padding-bottom: 20px !important;padding-left: 20px !important;}\u00a0\u00bb border_color_type=\u00a0\u00bbuncode-palette\u00a0\u00bb][vc_column_text text_color=\u00a0\u00bbcolor-210407&Prime; uncode_shortcode_id=\u00a0\u00bb353744&Prime; text_color_type=\u00a0\u00bbuncode-palette\u00a0\u00bb]<\/p>\n<p style=\"text-align: center;\">A CONSULTER<\/p>\n<p>[\/vc_column_text][vc_column_text text_color=\u00a0\u00bbcolor-210407&Prime; uncode_shortcode_id=\u00a0\u00bb166143&Prime; text_color_type=\u00a0\u00bbuncode-palette\u00a0\u00bb]<\/p>\n<ul>\n<li><strong style=\"color: #4f81bd;\">\u00ab<a style=\"color: #4f81bd;\" href=\"https:\/\/www.amazon.fr\/souris-qui-aimait-dents-lait\/dp\/B0BHTRFLV8\/ref=sr_1_1?__mk_fr_FR=%C3%85M%C3%85%C5%BD%C3%95%C3%91&amp;crid=162G3F72M58PO&amp;keywords=la+souris+qui+aimait+les+dents+de+lait&amp;qid=1680614499&amp;sprefix=la+souris+qui+aimait+les+dents+de+lait%2Caps%2C73&amp;sr=8-1\">\u00a0LA SOURIS QUI AIMAIT LES DENTS DE LAIT<\/a>\u00a0\u00bb\u00a0 \u00a0sur amzon.fr\u00a0 \/ version papier<\/strong><br \/>\n<strong style=\"color: #4f81bd;\">de 3 \u00e0 7 ans<\/strong><\/li>\n<\/ul>\n<p><a href=\"https:\/\/www.amazon.fr\/souris-qui-aimait-dents-lait\/dp\/B0BHTRFLV8\/ref=sr_1_1?__mk_fr_FR=%C3%85M%C3%85%C5%BD%C3%95%C3%91&amp;crid=162G3F72M58PO&amp;keywords=la+souris+qui+aimait+les+dents+de+lait&amp;qid=1680614499&amp;sprefix=la+souris+qui+aimait+les+dents+de+lait%2Caps%2C73&amp;sr=8-1\"><img decoding=\"async\" style=\"margin-right: auto; display: block; margin-left: auto; border: 1px solid #000000;\" src=\"\/wp-content\/uploads\/2024\/02\/la-souris-qui-aimait-les-dents-de-lait-3-a-6-ans_.jpg\" alt=\"la souris qui aimait les dents de lait 3 a 6 ans\" width=\"200\" height=\"252\" \/><\/a><\/p>\n<p><strong style=\"color: #4f81bd;\">de 7 \u00e0 177 ans<\/strong><\/p>\n<p><a style=\"color: #4f81bd;\" href=\"https:\/\/www.amazon.fr\/gp\/product\/B08MQFG6DN\/ref=dbs_a_def_rwt_hsch_vapi_tkin_p1_i0\" target=\"_blank\" rel=\"noopener\"><img decoding=\"async\" style=\"margin-right: auto; display: block; margin-left: auto; border: 1px solid #000000;\" src=\"\/wp-content\/uploads\/2024\/02\/oh-grand-mere-que-vous-avez-de-belles-dents-de-7-a-177-ans_.jpg\" alt=\"la souris qui aimait les dents de lait 3 a 6 ans\" width=\"200\" height=\"314\" \/><\/a><\/p>\n<ul>\n<li><a style=\"color: #4f81bd;\" href=\"https:\/\/www.amazon.fr\/GRAND-M%C3%88RE-vous-avez-BELLES-DENTS-ebook\/dp\/B08MQFG6DN\/ref=sr_1_1?__mk_fr_FR=%C3%85M%C3%85%C5%BD%C3%95%C3%91&amp;dchild=1&amp;keywords=%C2%AB+OH+GRAND-M%C3%88RE+%E2%80%A6+que+vous+avez+de+BELLES+DENTS+%21+%C2%BB&amp;qid=1605775996&amp;sr=8-1\" target=\"_blank\" rel=\"noopener\"><strong style=\"color: #4f81bd;\">\u00ab OH GRAND-M\u00c8RE \u2026 que vous avez de BELLES DENTS ! \u00bb<\/strong><br \/>\nsur\u00a0<strong>amazon.fr<\/strong>\u00a0(<em>nouvelle \u00e9dition corrig\u00e9e et remani\u00e9e<\/em>)<br \/>\n<\/a><a style=\"color: #4f81bd;\" href=\"https:\/\/www.amazon.fr\/GRAND-M%C3%88RE-vous-avez-BELLES-DENTS\/dp\/B08MMT4LHP\/ref=sr_1_2?__mk_fr_FR=%C3%85M%C3%85%C5%BD%C3%95%C3%91&amp;dchild=1&amp;keywords=oh+grand+m%C3%A8re&amp;qid=1606120464&amp;sr=8-2\" target=\"_blank\" rel=\"noopener\">version papier (cliquez ici)<\/a><a style=\"color: #4f81bd;\" href=\"https:\/\/www.amazon.fr\/GRAND-M%C3%88RE-vous-avez-BELLES-DENTS-ebook\/dp\/B08MQFG6DN\/ref=sr_1_1?__mk_fr_FR=%C3%85M%C3%85%C5%BD%C3%95%C3%91&amp;dchild=1&amp;keywords=%C2%AB+OH+GRAND-M%C3%88RE+%E2%80%A6+que+vous+avez+de+BELLES+DENTS+%21+%C2%BB&amp;qid=1605775996&amp;sr=8-1\" target=\"_blank\" rel=\"noopener\">\u00a0\/ version \u00e9lectronique (cliquez ici)<\/a><\/li>\n<\/ul>\n<p>&nbsp;<\/p>\n<ul>\n<li style=\"color: #4f81bd;\">Rappel site<br \/>\n<strong>STRESS, BIEN-\u00caTRE et MAGN\u00c9SIUM<\/strong><br \/>\n\u00ab\u00a0<a style=\"color: #4f81bd;\" href=\"http:\/\/le-magnesium.org\/\" target=\"_blank\" rel=\"noopener\">le-magnesium.org (cliquez ici)<\/a>\u00a0\u00bb<\/li>\n<\/ul>\n<p>[\/vc_column_text][\/vc_column][\/vc_row]<\/p>\n<\/div>","protected":false},"excerpt":{"rendered":"<p>[vc_row row_height_percent=\u00a0\u00bb0&Prime; overlay_alpha=\u00a0\u00bb50&Prime; gutter_size=\u00a0\u00bb3&Prime; column_width_percent=\u00a0\u00bb100&Prime; shift_y=\u00a0\u00bb0&Prime; z_index=\u00a0\u00bb0&Prime; uncode_shortcode_id=\u00a0\u00bb108650&Prime; css=\u00a0\u00bb.vc_custom_1707739912849{margin-bottom: 0px !important;padding-top: 0px !important;padding-bottom: 0px !important;}\u00a0\u00bb][vc_column column_width_percent=\u00a0\u00bb100&Prime; gutter_size=\u00a0\u00bb3&Prime; overlay_alpha=\u00a0\u00bb50&Prime; shift_x=\u00a0\u00bb0&Prime; shift_y=\u00a0\u00bb0&Prime; [&hellip;]<\/p>\n","protected":false},"author":1,"featured_media":0,"parent":0,"menu_order":0,"comment_status":"closed","ping_status":"closed","template":"","meta":{"footnotes":""},"class_list":["post-2","page","type-page","status-publish","hentry"],"yoast_head":"<!-- This site is optimized with the Yoast SEO plugin v27.1.1 - https:\/\/yoast.com\/product\/yoast-seo-wordpress\/ -->\n<title>Accueil - Des probl\u00e8mes dentaires<\/title>\n<meta name=\"robots\" content=\"index, follow, max-snippet:-1, max-image-preview:large, max-video-preview:-1\" \/>\n<link rel=\"canonical\" href=\"https:\/\/des-problemes-dentaires.fr\/\" \/>\n<meta property=\"og:locale\" content=\"fr_FR\" \/>\n<meta property=\"og:type\" content=\"article\" \/>\n<meta property=\"og:title\" content=\"Accueil - Des probl\u00e8mes dentaires\" \/>\n<meta property=\"og:description\" content=\"[vc_row row_height_percent=\u00a0\u00bb0&Prime; overlay_alpha=\u00a0\u00bb50&Prime; gutter_size=\u00a0\u00bb3&Prime; column_width_percent=\u00a0\u00bb100&Prime; shift_y=\u00a0\u00bb0&Prime; z_index=\u00a0\u00bb0&Prime; uncode_shortcode_id=\u00a0\u00bb108650&Prime; css=\u00a0\u00bb.vc_custom_1707739912849{margin-bottom: 0px !important;padding-top: 0px !important;padding-bottom: 0px !important;}\u00a0\u00bb][vc_column column_width_percent=\u00a0\u00bb100&Prime; gutter_size=\u00a0\u00bb3&Prime; overlay_alpha=\u00a0\u00bb50&Prime; shift_x=\u00a0\u00bb0&Prime; shift_y=\u00a0\u00bb0&Prime; [&hellip;]\" \/>\n<meta property=\"og:url\" content=\"https:\/\/des-problemes-dentaires.fr\/\" \/>\n<meta property=\"og:site_name\" content=\"Des probl\u00e8mes dentaires\" \/>\n<meta property=\"article:modified_time\" content=\"2024-02-20T10:54:01+00:00\" \/>\n<meta name=\"twitter:card\" content=\"summary_large_image\" \/>\n<meta name=\"twitter:label1\" content=\"Dur\u00e9e de lecture estim\u00e9e\" \/>\n\t<meta name=\"twitter:data1\" content=\"5 minutes\" \/>\n<script type=\"application\/ld+json\" class=\"yoast-schema-graph\">{\"@context\":\"https:\/\/schema.org\",\"@graph\":[{\"@type\":\"WebPage\",\"@id\":\"https:\/\/des-problemes-dentaires.fr\/\",\"url\":\"https:\/\/des-problemes-dentaires.fr\/\",\"name\":\"Accueil - Des probl\u00e8mes dentaires\",\"isPartOf\":{\"@id\":\"http:\/\/des-problemes-dentaires.fr\/#website\"},\"datePublished\":\"2024-02-08T14:26:14+00:00\",\"dateModified\":\"2024-02-20T10:54:01+00:00\",\"breadcrumb\":{\"@id\":\"https:\/\/des-problemes-dentaires.fr\/#breadcrumb\"},\"inLanguage\":\"fr-FR\",\"potentialAction\":[{\"@type\":\"ReadAction\",\"target\":[\"https:\/\/des-problemes-dentaires.fr\/\"]}]},{\"@type\":\"BreadcrumbList\",\"@id\":\"https:\/\/des-problemes-dentaires.fr\/#breadcrumb\",\"itemListElement\":[{\"@type\":\"ListItem\",\"position\":1,\"name\":\"Accueil\",\"item\":\"https:\/\/des-problemes-dentaires.fr\/\"},{\"@type\":\"ListItem\",\"position\":2,\"name\":\"Accueil\"}]},{\"@type\":\"WebSite\",\"@id\":\"http:\/\/des-problemes-dentaires.fr\/#website\",\"url\":\"http:\/\/des-problemes-dentaires.fr\/\",\"name\":\"Des probl\u00e8mes dentaires\",\"description\":\"Des probl\u00e8mes dentaires\",\"potentialAction\":[{\"@type\":\"SearchAction\",\"target\":{\"@type\":\"EntryPoint\",\"urlTemplate\":\"http:\/\/des-problemes-dentaires.fr\/?s={search_term_string}\"},\"query-input\":{\"@type\":\"PropertyValueSpecification\",\"valueRequired\":true,\"valueName\":\"search_term_string\"}}],\"inLanguage\":\"fr-FR\"}]}<\/script>\n<!-- \/ Yoast SEO plugin. -->","yoast_head_json":{"title":"Accueil - Des probl\u00e8mes dentaires","robots":{"index":"index","follow":"follow","max-snippet":"max-snippet:-1","max-image-preview":"max-image-preview:large","max-video-preview":"max-video-preview:-1"},"canonical":"https:\/\/des-problemes-dentaires.fr\/","og_locale":"fr_FR","og_type":"article","og_title":"Accueil - Des probl\u00e8mes dentaires","og_description":"[vc_row row_height_percent=\u00a0\u00bb0&Prime; overlay_alpha=\u00a0\u00bb50&Prime; gutter_size=\u00a0\u00bb3&Prime; column_width_percent=\u00a0\u00bb100&Prime; shift_y=\u00a0\u00bb0&Prime; z_index=\u00a0\u00bb0&Prime; uncode_shortcode_id=\u00a0\u00bb108650&Prime; css=\u00a0\u00bb.vc_custom_1707739912849{margin-bottom: 0px !important;padding-top: 0px !important;padding-bottom: 0px !important;}\u00a0\u00bb][vc_column column_width_percent=\u00a0\u00bb100&Prime; gutter_size=\u00a0\u00bb3&Prime; overlay_alpha=\u00a0\u00bb50&Prime; shift_x=\u00a0\u00bb0&Prime; shift_y=\u00a0\u00bb0&Prime; [&hellip;]","og_url":"https:\/\/des-problemes-dentaires.fr\/","og_site_name":"Des probl\u00e8mes dentaires","article_modified_time":"2024-02-20T10:54:01+00:00","twitter_card":"summary_large_image","twitter_misc":{"Dur\u00e9e de lecture estim\u00e9e":"5 minutes"},"schema":{"@context":"https:\/\/schema.org","@graph":[{"@type":"WebPage","@id":"https:\/\/des-problemes-dentaires.fr\/","url":"https:\/\/des-problemes-dentaires.fr\/","name":"Accueil - Des probl\u00e8mes dentaires","isPartOf":{"@id":"http:\/\/des-problemes-dentaires.fr\/#website"},"datePublished":"2024-02-08T14:26:14+00:00","dateModified":"2024-02-20T10:54:01+00:00","breadcrumb":{"@id":"https:\/\/des-problemes-dentaires.fr\/#breadcrumb"},"inLanguage":"fr-FR","potentialAction":[{"@type":"ReadAction","target":["https:\/\/des-problemes-dentaires.fr\/"]}]},{"@type":"BreadcrumbList","@id":"https:\/\/des-problemes-dentaires.fr\/#breadcrumb","itemListElement":[{"@type":"ListItem","position":1,"name":"Accueil","item":"https:\/\/des-problemes-dentaires.fr\/"},{"@type":"ListItem","position":2,"name":"Accueil"}]},{"@type":"WebSite","@id":"http:\/\/des-problemes-dentaires.fr\/#website","url":"http:\/\/des-problemes-dentaires.fr\/","name":"Des probl\u00e8mes dentaires","description":"Des probl\u00e8mes dentaires","potentialAction":[{"@type":"SearchAction","target":{"@type":"EntryPoint","urlTemplate":"http:\/\/des-problemes-dentaires.fr\/?s={search_term_string}"},"query-input":{"@type":"PropertyValueSpecification","valueRequired":true,"valueName":"search_term_string"}}],"inLanguage":"fr-FR"}]}},"_links":{"self":[{"href":"https:\/\/des-problemes-dentaires.fr\/index.php\/wp-json\/wp\/v2\/pages\/2","targetHints":{"allow":["GET"]}}],"collection":[{"href":"https:\/\/des-problemes-dentaires.fr\/index.php\/wp-json\/wp\/v2\/pages"}],"about":[{"href":"https:\/\/des-problemes-dentaires.fr\/index.php\/wp-json\/wp\/v2\/types\/page"}],"author":[{"embeddable":true,"href":"https:\/\/des-problemes-dentaires.fr\/index.php\/wp-json\/wp\/v2\/users\/1"}],"replies":[{"embeddable":true,"href":"https:\/\/des-problemes-dentaires.fr\/index.php\/wp-json\/wp\/v2\/comments?post=2"}],"version-history":[{"count":26,"href":"https:\/\/des-problemes-dentaires.fr\/index.php\/wp-json\/wp\/v2\/pages\/2\/revisions"}],"predecessor-version":[{"id":328,"href":"https:\/\/des-problemes-dentaires.fr\/index.php\/wp-json\/wp\/v2\/pages\/2\/revisions\/328"}],"wp:attachment":[{"href":"https:\/\/des-problemes-dentaires.fr\/index.php\/wp-json\/wp\/v2\/media?parent=2"}],"curies":[{"name":"wp","href":"https:\/\/api.w.org\/{rel}","templated":true}]}}